{"id":23866,"date":"2023-02-10T08:23:53","date_gmt":"2023-02-10T08:23:53","guid":{"rendered":"https:\/\/institutoneurociencias.org\/training\/"},"modified":"2026-04-30T06:14:02","modified_gmt":"2026-04-30T06:14:02","slug":"training","status":"publish","type":"page","link":"https:\/\/institutoneurociencias.org\/en\/training\/","title":{"rendered":"Training"},"content":{"rendered":"\t\t<div data-elementor-type=\"wp-page\" data-elementor-id=\"23866\" class=\"elementor elementor-23866 elementor-18473\" data-elementor-post-type=\"page\">\n\t\t\t\t\t\t<section class=\"elementor-section elementor-top-section elementor-element elementor-element-86a2a1c elementor-section-boxed elementor-section-height-default elementor-section-height-default wpr-particle-no wpr-jarallax-no wpr-parallax-no wpr-sticky-section-no wpr-column-slider-no wpr-equal-height-no sc_fly_static\" data-id=\"86a2a1c\" data-element_type=\"section\" data-e-type=\"section\">\n\t\t\t\t\t\t<div class=\"elementor-container elementor-column-gap-extended\">\n\t\t\t\t\t<div class=\"elementor-column elementor-col-100 elementor-top-column elementor-element elementor-element-b604955 sc_content_align_inherit sc_layouts_column_icons_position_left sc_fly_static\" data-id=\"b604955\" data-element_type=\"column\" data-e-type=\"column\">\n\t\t\t<div class=\"elementor-widget-wrap elementor-element-populated\">\n\t\t\t\t\t\t<div class=\"elementor-element elementor-element-2901015 sc_height_large sc_fly_static elementor-widget elementor-widget-spacer\" data-id=\"2901015\" data-element_type=\"widget\" data-e-type=\"widget\" data-widget_type=\"spacer.default\">\n\t\t\t\t<div class=\"elementor-widget-container\">\n\t\t\t\t\t\t\t<div class=\"elementor-spacer\">\n\t\t\t<div class=\"elementor-spacer-inner\"><\/div>\n\t\t<\/div>\n\t\t\t\t\t\t<\/div>\n\t\t\t\t<\/div>\n\t\t\t\t<div data-animation-type=\"block\" class=\"elementor-element elementor-element-6a0b142 animated-slow animation_type_block sc_fly_static elementor-invisible elementor-widget elementor-widget-trx_sc_title\" data-id=\"6a0b142\" data-element_type=\"widget\" data-e-type=\"widget\" data-settings=\"{&quot;_animation&quot;:&quot;fadeIn&quot;}\" data-widget_type=\"trx_sc_title.default\">\n\t\t\t\t<div class=\"elementor-widget-container\">\n\t\t\t\t\t<div\t\tclass=\"sc_title sc_title_default\" ><span class=\"sc_item_subtitle sc_title_subtitle sc_align_left sc_item_subtitle_above sc_item_title_style_default\">Institute of neurosciences castilla y le\u00f3n<\/span><h1 class=\"sc_item_title sc_title_title sc_align_left sc_item_title_style_default sc_item_title_tag\"\n\t\t\t><span class=\"sc_item_title_text\">Training<\/span><\/h1><\/div>\t\t\t\t<\/div>\n\t\t\t\t<\/div>\n\t\t\t\t<div class=\"elementor-element elementor-element-1be0204 sc_height_small sc_fly_static elementor-widget elementor-widget-spacer\" data-id=\"1be0204\" data-element_type=\"widget\" data-e-type=\"widget\" data-widget_type=\"spacer.default\">\n\t\t\t\t<div class=\"elementor-widget-container\">\n\t\t\t\t\t\t\t<div class=\"elementor-spacer\">\n\t\t\t<div class=\"elementor-spacer-inner\"><\/div>\n\t\t<\/div>\n\t\t\t\t\t\t<\/div>\n\t\t\t\t<\/div>\n\t\t\t\t<div data-animation-type=\"block\" class=\"elementor-element elementor-element-ced4127 animated-slow animation_type_block sc_fly_static elementor-invisible elementor-widget elementor-widget-accordion\" data-id=\"ced4127\" data-element_type=\"widget\" data-e-type=\"widget\" data-settings=\"{&quot;_animation&quot;:&quot;qwery-fadeinup&quot;}\" data-widget_type=\"accordion.default\">\n\t\t\t\t<div class=\"elementor-widget-container\">\n\t\t\t\t\t\t\t<div class=\"elementor-accordion\">\n\t\t\t\t\t\t\t<div class=\"elementor-accordion-item\">\n\t\t\t\t\t<div id=\"elementor-tab-title-2161\" class=\"elementor-tab-title\" data-tab=\"1\" role=\"button\" aria-controls=\"elementor-tab-content-2161\" aria-expanded=\"false\">\n\t\t\t\t\t\t\t\t\t\t\t\t\t<span class=\"elementor-accordion-icon elementor-accordion-icon-left\" aria-hidden=\"true\">\n\t\t\t\t\t\t\t\t\t\t\t\t\t\t\t<span class=\"elementor-accordion-icon-closed\"><i class=\"fas fa-plus\"><\/i><\/span>\n\t\t\t\t\t\t\t\t<span class=\"elementor-accordion-icon-opened\"><i class=\"fas fa-minus\"><\/i><\/span>\n\t\t\t\t\t\t\t\t\t\t\t\t\t\t<\/span>\n\t\t\t\t\t\t\t\t\t\t\t\t<a class=\"elementor-accordion-title\" tabindex=\"0\">University of Salamanca<\/a>\n\t\t\t\t\t<\/div>\n\t\t\t\t\t<div id=\"elementor-tab-content-2161\" class=\"elementor-tab-content elementor-clearfix\" data-tab=\"1\" role=\"region\" aria-labelledby=\"elementor-tab-title-2161\"><p><a href=\"https:\/\/www.usal.es\/master-neurociencias\" target=\"_blank\" rel=\"noopener\">Master&#8217;s Degree in Neurosciences &#8211; Universidad de Salamanca<\/a><\/p>\n<p><a href=\"https:\/\/www.usal.es\/master-trastornos-de-la-comunicacion-neurociencia-de-la-audicion-y-lenguaje\" target=\"_blank\" rel=\"noopener\">Master&#8217;s Degree in Communication Disorders: neurosciences of hearing and language &#8211; University of Salamanca.<\/a><\/p>\n<p><a href=\"https:\/\/doctorado.usal.es\/es\/doctorado\/neurociencias\" target=\"_blank\" rel=\"noopener\">PhD in Neurosciences &#8211; University of Salamanca<\/a><\/p>\n<\/div>\n\t\t\t\t<\/div>\n\t\t\t\t\t\t\t<div class=\"elementor-accordion-item\">\n\t\t\t\t\t<div id=\"elementor-tab-title-2162\" class=\"elementor-tab-title\" data-tab=\"2\" role=\"button\" aria-controls=\"elementor-tab-content-2162\" aria-expanded=\"false\">\n\t\t\t\t\t\t\t\t\t\t\t\t\t<span class=\"elementor-accordion-icon elementor-accordion-icon-left\" aria-hidden=\"true\">\n\t\t\t\t\t\t\t\t\t\t\t\t\t\t\t<span class=\"elementor-accordion-icon-closed\"><i class=\"fas fa-plus\"><\/i><\/span>\n\t\t\t\t\t\t\t\t<span class=\"elementor-accordion-icon-opened\"><i class=\"fas fa-minus\"><\/i><\/span>\n\t\t\t\t\t\t\t\t\t\t\t\t\t\t<\/span>\n\t\t\t\t\t\t\t\t\t\t\t\t<a class=\"elementor-accordion-title\" tabindex=\"0\">Specialization diplomas<\/a>\n\t\t\t\t\t<\/div>\n\t\t\t\t\t<div id=\"elementor-tab-content-2162\" class=\"elementor-tab-content elementor-clearfix\" data-tab=\"2\" role=\"region\" aria-labelledby=\"elementor-tab-title-2162\"><p><a href=\"https:\/\/www.formacion-alzheimer.es\/\" target=\"_blank\" rel=\"noopener\">Proprietary Titles: Dementias and Alzheimer<\/a><\/p>\n<p><a href=\"https:\/\/fundacion.usal.es\/es\/formacion-especializada\/titulos-propios\/diploma-de-especializacion-online-en-neurociencias\" target=\"_blank\" rel=\"noopener\">Specialization Diploma in Neurosciences (online)<\/a><\/p>\n<p><a href=\"https:\/\/fundacion.usal.es\/es\/formacion-especializada\/titulos-propios\/diploma-de-especializacion-en-audiologia\" target=\"_blank\" rel=\"noopener\">Specialization Diploma in Audiology<\/a><\/p>\n<\/div>\n\t\t\t\t<\/div>\n\t\t\t\t\t\t\t\t<\/div>\n\t\t\t\t\t\t<\/div>\n\t\t\t\t<\/div>\n\t\t\t\t<div class=\"elementor-element elementor-element-a9d9d15 sc_height_large sc_fly_static elementor-widget elementor-widget-spacer\" data-id=\"a9d9d15\" data-element_type=\"widget\" data-e-type=\"widget\" data-widget_type=\"spacer.default\">\n\t\t\t\t<div class=\"elementor-widget-container\">\n\t\t\t\t\t\t\t<div class=\"elementor-spacer\">\n\t\t\t<div class=\"elementor-spacer-inner\"><\/div>\n\t\t<\/div>\n\t\t\t\t\t\t<\/div>\n\t\t\t\t<\/div>\n\t\t\t\t\t<\/div>\n\t\t<\/div>\n\t\t\t\t\t<\/div>\n\t\t<\/section>\n\t\t\t\t<section class=\"elementor-section elementor-top-section elementor-element elementor-element-1076a77 elementor-section-full_width elementor-section-height-default elementor-section-height-default wpr-particle-no wpr-jarallax-no wpr-parallax-no wpr-sticky-section-no wpr-column-slider-no wpr-equal-height-no sc_fly_static\" data-id=\"1076a77\" data-element_type=\"section\" data-e-type=\"section\" data-settings=\"{&quot;background_background&quot;:&quot;classic&quot;}\">\n\t\t\t\t\t\t<div class=\"elementor-container elementor-column-gap-extended\">\n\t\t\t\t\t<div class=\"elementor-column elementor-col-100 elementor-top-column elementor-element elementor-element-44d52cf sc_content_align_inherit sc_layouts_column_icons_position_left sc_fly_static\" data-id=\"44d52cf\" data-element_type=\"column\" data-e-type=\"column\">\n\t\t\t<div class=\"elementor-widget-wrap elementor-element-populated\">\n\t\t\t\t\t\t<div class=\"elementor-element elementor-element-648e186 sc_height_large sc_fly_static elementor-widget elementor-widget-spacer\" data-id=\"648e186\" data-element_type=\"widget\" data-e-type=\"widget\" data-widget_type=\"spacer.default\">\n\t\t\t\t<div class=\"elementor-widget-container\">\n\t\t\t\t\t\t\t<div class=\"elementor-spacer\">\n\t\t\t<div class=\"elementor-spacer-inner\"><\/div>\n\t\t<\/div>\n\t\t\t\t\t\t<\/div>\n\t\t\t\t<\/div>\n\t\t\t\t<section data-animation-type=\"block\" class=\"elementor-section elementor-inner-section elementor-element elementor-element-4d41905 animated-slow elementor-section-boxed elementor-section-height-default elementor-section-height-default wpr-particle-no wpr-jarallax-no wpr-parallax-no wpr-sticky-section-no wpr-column-slider-no wpr-equal-height-no animation_type_block sc_fly_static elementor-invisible\" data-id=\"4d41905\" data-element_type=\"section\" data-e-type=\"section\" data-settings=\"{&quot;animation&quot;:&quot;qwery-fadeinleft&quot;}\">\n\t\t\t\t\t\t<div class=\"elementor-container elementor-column-gap-no\">\n\t\t\t\t\t<div class=\"elementor-column elementor-col-50 elementor-inner-column elementor-element elementor-element-f348317 sc_content_align_inherit sc_layouts_column_icons_position_left sc_fly_static\" data-id=\"f348317\" data-element_type=\"column\" data-e-type=\"column\">\n\t\t\t<div class=\"elementor-widget-wrap elementor-element-populated\">\n\t\t\t\t\t\t<div class=\"elementor-element elementor-element-a4b5c03 scheme_default sc_fly_static elementor-widget elementor-widget-trx_sc_title\" data-id=\"a4b5c03\" data-element_type=\"widget\" data-e-type=\"widget\" data-widget_type=\"trx_sc_title.default\">\n\t\t\t\t<div class=\"elementor-widget-container\">\n\t\t\t\t\t<div\t\tclass=\"sc_title scheme_default sc_title_accent\" ><h2 class=\"sc_item_title sc_title_title sc_item_title_style_accent sc_item_title_tag trx_addons_inline_113782155\"\n\t\t\t><span class=\"sc_item_title_text\">Seminars<\/span><\/h2><\/div>\t\t\t\t<\/div>\n\t\t\t\t<\/div>\n\t\t\t\t\t<\/div>\n\t\t<\/div>\n\t\t\t\t<div class=\"elementor-column elementor-col-50 elementor-inner-column elementor-element elementor-element-7f0de5d sc_content_align_inherit sc_layouts_column_icons_position_left sc_fly_static\" data-id=\"7f0de5d\" data-element_type=\"column\" data-e-type=\"column\">\n\t\t\t<div class=\"elementor-widget-wrap elementor-element-populated\">\n\t\t\t\t\t\t<div class=\"elementor-element elementor-element-de737d2 sc_fly_static elementor-widget elementor-widget-text-editor\" data-id=\"de737d2\" data-element_type=\"widget\" data-e-type=\"widget\" data-widget_type=\"text-editor.default\">\n\t\t\t\t<div class=\"elementor-widget-container\">\n\t\t\t\t\t\t\t\t\t<p>Continuous learning is one of the keys to maintain the illusion and professionalism in a research work as complete as neuroscience, you can consult all the seminars related to the sector.  <\/p>\t\t\t\t\t\t\t\t<\/div>\n\t\t\t\t<\/div>\n\t\t\t\t\t<\/div>\n\t\t<\/div>\n\t\t\t\t\t<\/div>\n\t\t<\/section>\n\t\t\t\t<div class=\"elementor-element elementor-element-e2de0c5 sc_height_small sc_fly_static elementor-widget elementor-widget-spacer\" data-id=\"e2de0c5\" data-element_type=\"widget\" data-e-type=\"widget\" data-widget_type=\"spacer.default\">\n\t\t\t\t<div class=\"elementor-widget-container\">\n\t\t\t\t\t\t\t<div class=\"elementor-spacer\">\n\t\t\t<div class=\"elementor-spacer-inner\"><\/div>\n\t\t<\/div>\n\t\t\t\t\t\t<\/div>\n\t\t\t\t<\/div>\n\t\t\t\t<div class=\"elementor-element elementor-element-ab15fef sc_height_small sc_fly_static elementor-widget elementor-widget-spacer\" data-id=\"ab15fef\" data-element_type=\"widget\" data-e-type=\"widget\" data-widget_type=\"spacer.default\">\n\t\t\t\t<div class=\"elementor-widget-container\">\n\t\t\t\t\t\t\t<div class=\"elementor-spacer\">\n\t\t\t<div class=\"elementor-spacer-inner\"><\/div>\n\t\t<\/div>\n\t\t\t\t\t\t<\/div>\n\t\t\t\t<\/div>\n\t\t\t\t<div data-animation-type=\"block\" class=\"elementor-element elementor-element-cb5dbd7 animation_type_block sc_fly_static elementor-invisible elementor-widget elementor-widget-trx_sc_button\" data-id=\"cb5dbd7\" data-element_type=\"widget\" data-e-type=\"widget\" data-settings=\"{&quot;_animation&quot;:&quot;qwery-fadeinup&quot;}\" data-widget_type=\"trx_sc_button.default\">\n\t\t\t\t<div class=\"elementor-widget-container\">\n\t\t\t\t\t<div\tclass=\"sc_item_button sc_button_wrap sc_align_center\" ><a href=\"\/seminarios\/\" class=\"sc_button sc_button_shadow sc_button_default sc_button_size_normal sc_button_icon_left\" ><span class=\"sc_button_text sc_align_center\"><span class=\"sc_button_title\">Discover all seminars<\/span><\/span><\/a><\/div>\t\t\t\t<\/div>\n\t\t\t\t<\/div>\n\t\t\t\t<div class=\"elementor-element elementor-element-7af82a4 sc_height_huge sc_fly_static elementor-widget elementor-widget-spacer\" data-id=\"7af82a4\" data-element_type=\"widget\" data-e-type=\"widget\" data-widget_type=\"spacer.default\">\n\t\t\t\t<div class=\"elementor-widget-container\">\n\t\t\t\t\t\t\t<div class=\"elementor-spacer\">\n\t\t\t<div class=\"elementor-spacer-inner\"><\/div>\n\t\t<\/div>\n\t\t\t\t\t\t<\/div>\n\t\t\t\t<\/div>\n\t\t\t\t\t<\/div>\n\t\t<\/div>\n\t\t\t\t\t<\/div>\n\t\t<\/section>\n\t\t\t\t<\/div>\n\t\t","protected":false},"excerpt":{"rendered":"<p>Institute of neurosciences castilla y le\u00f3n Training University of Salamanca Master&#8217;s Degree in Neurosciences &#8211;&hellip;<\/p>\n","protected":false},"author":22,"featured_media":0,"parent":0,"menu_order":0,"comment_status":"closed","ping_status":"closed","template":"","meta":{"_acf_changed":false,"_themeisle_gutenberg_block_has_review":false,"footnotes":""},"class_list":["post-23866","page","type-page","status-publish","hentry"],"acf":[],"yoast_head":"<!-- This site is optimized with the Yoast SEO plugin v27.5 - https:\/\/yoast.com\/product\/yoast-seo-wordpress\/ -->\n<title>Training - Instituto de Neurociencias de Castilla y Le\u00f3n<\/title>\n<meta name=\"robots\" content=\"index, follow, max-snippet:-1, max-image-preview:large, max-video-preview:-1\" \/>\n<link rel=\"canonical\" href=\"https:\/\/institutoneurociencias.org\/en\/training\/\" \/>\n<meta property=\"og:locale\" content=\"en_US\" \/>\n<meta property=\"og:type\" content=\"article\" \/>\n<meta property=\"og:title\" content=\"Training - Instituto de Neurociencias de Castilla y Le\u00f3n\" \/>\n<meta property=\"og:description\" content=\"Institute of neurosciences castilla y le\u00f3n Training University of Salamanca Master&#8217;s Degree in Neurosciences &#8211;&hellip;\" \/>\n<meta property=\"og:url\" content=\"https:\/\/institutoneurociencias.org\/en\/training\/\" \/>\n<meta property=\"og:site_name\" content=\"Instituto de Neurociencias de Castilla y Le\u00f3n\" \/>\n<meta property=\"article:modified_time\" content=\"2026-04-30T06:14:02+00:00\" \/>\n<meta property=\"og:image\" content=\"https:\/\/institutoneurociencias.org\/wp-content\/uploads\/2026\/04\/Copia-de-Seminarios-INCyl-10-890x664.png\" \/>\n<meta name=\"twitter:card\" content=\"summary_large_image\" \/>\n<meta name=\"twitter:label1\" content=\"Est. reading time\" \/>\n\t<meta name=\"twitter:data1\" content=\"1 minute\" \/>\n<script type=\"application\/ld+json\" class=\"yoast-schema-graph\">{\"@context\":\"https:\\\/\\\/schema.org\",\"@graph\":[{\"@type\":\"WebPage\",\"@id\":\"https:\\\/\\\/institutoneurociencias.org\\\/en\\\/training\\\/\",\"url\":\"https:\\\/\\\/institutoneurociencias.org\\\/en\\\/training\\\/\",\"name\":\"Training - Instituto de Neurociencias de Castilla y Le\u00f3n\",\"isPartOf\":{\"@id\":\"https:\\\/\\\/institutoneurociencias.org\\\/en\\\/#website\"},\"primaryImageOfPage\":{\"@id\":\"https:\\\/\\\/institutoneurociencias.org\\\/en\\\/training\\\/#primaryimage\"},\"image\":{\"@id\":\"https:\\\/\\\/institutoneurociencias.org\\\/en\\\/training\\\/#primaryimage\"},\"thumbnailUrl\":\"https:\\\/\\\/institutoneurociencias.org\\\/wp-content\\\/uploads\\\/2026\\\/04\\\/Copia-de-Seminarios-INCyl-10-890x664.png\",\"datePublished\":\"2023-02-10T08:23:53+00:00\",\"dateModified\":\"2026-04-30T06:14:02+00:00\",\"breadcrumb\":{\"@id\":\"https:\\\/\\\/institutoneurociencias.org\\\/en\\\/training\\\/#breadcrumb\"},\"inLanguage\":\"en-US\",\"potentialAction\":[{\"@type\":\"ReadAction\",\"target\":[\"https:\\\/\\\/institutoneurociencias.org\\\/en\\\/training\\\/\"]}]},{\"@type\":\"ImageObject\",\"inLanguage\":\"en-US\",\"@id\":\"https:\\\/\\\/institutoneurociencias.org\\\/en\\\/training\\\/#primaryimage\",\"url\":\"https:\\\/\\\/institutoneurociencias.org\\\/wp-content\\\/uploads\\\/2026\\\/04\\\/Copia-de-Seminarios-INCyl-10-890x664.png\",\"contentUrl\":\"https:\\\/\\\/institutoneurociencias.org\\\/wp-content\\\/uploads\\\/2026\\\/04\\\/Copia-de-Seminarios-INCyl-10-890x664.png\"},{\"@type\":\"BreadcrumbList\",\"@id\":\"https:\\\/\\\/institutoneurociencias.org\\\/en\\\/training\\\/#breadcrumb\",\"itemListElement\":[{\"@type\":\"ListItem\",\"position\":1,\"name\":\"Portada\",\"item\":\"https:\\\/\\\/institutoneurociencias.org\\\/en\\\/\"},{\"@type\":\"ListItem\",\"position\":2,\"name\":\"Training\"}]},{\"@type\":\"WebSite\",\"@id\":\"https:\\\/\\\/institutoneurociencias.org\\\/en\\\/#website\",\"url\":\"https:\\\/\\\/institutoneurociencias.org\\\/en\\\/\",\"name\":\"Instituto de Neurociencias de Castilla y Le\u00f3n\",\"description\":\"Dedicado a la investigaci\u00f3n cient\u00edfica en el sistema nervioso normal y sus patolog\u00edas\",\"publisher\":{\"@id\":\"https:\\\/\\\/institutoneurociencias.org\\\/en\\\/#organization\"},\"potentialAction\":[{\"@type\":\"SearchAction\",\"target\":{\"@type\":\"EntryPoint\",\"urlTemplate\":\"https:\\\/\\\/institutoneurociencias.org\\\/en\\\/?s={search_term_string}\"},\"query-input\":{\"@type\":\"PropertyValueSpecification\",\"valueRequired\":true,\"valueName\":\"search_term_string\"}}],\"inLanguage\":\"en-US\"},{\"@type\":\"Organization\",\"@id\":\"https:\\\/\\\/institutoneurociencias.org\\\/en\\\/#organization\",\"name\":\"Instituto de Neurociencias de Castilla y Le\u00f3n\",\"url\":\"https:\\\/\\\/institutoneurociencias.org\\\/en\\\/\",\"logo\":{\"@type\":\"ImageObject\",\"inLanguage\":\"en-US\",\"@id\":\"https:\\\/\\\/institutoneurociencias.org\\\/en\\\/#\\\/schema\\\/logo\\\/image\\\/\",\"url\":\"https:\\\/\\\/institutoneurociencias.org\\\/wp-content\\\/uploads\\\/2023\\\/01\\\/logo-neurociencias.svg\",\"contentUrl\":\"https:\\\/\\\/institutoneurociencias.org\\\/wp-content\\\/uploads\\\/2023\\\/01\\\/logo-neurociencias.svg\",\"width\":334,\"height\":191,\"caption\":\"Instituto de Neurociencias de Castilla y Le\u00f3n\"},\"image\":{\"@id\":\"https:\\\/\\\/institutoneurociencias.org\\\/en\\\/#\\\/schema\\\/logo\\\/image\\\/\"}}]}<\/script>\n<!-- \/ Yoast SEO plugin. -->","yoast_head_json":{"title":"Training - Instituto de Neurociencias de Castilla y Le\u00f3n","robots":{"index":"index","follow":"follow","max-snippet":"max-snippet:-1","max-image-preview":"max-image-preview:large","max-video-preview":"max-video-preview:-1"},"canonical":"https:\/\/institutoneurociencias.org\/en\/training\/","og_locale":"en_US","og_type":"article","og_title":"Training - Instituto de Neurociencias de Castilla y Le\u00f3n","og_description":"Institute of neurosciences castilla y le\u00f3n Training University of Salamanca Master&#8217;s Degree in Neurosciences &#8211;&hellip;","og_url":"https:\/\/institutoneurociencias.org\/en\/training\/","og_site_name":"Instituto de Neurociencias de Castilla y Le\u00f3n","article_modified_time":"2026-04-30T06:14:02+00:00","og_image":[{"url":"https:\/\/institutoneurociencias.org\/wp-content\/uploads\/2026\/04\/Copia-de-Seminarios-INCyl-10-890x664.png","type":"","width":"","height":""}],"twitter_card":"summary_large_image","twitter_misc":{"Est. reading time":"1 minute"},"schema":{"@context":"https:\/\/schema.org","@graph":[{"@type":"WebPage","@id":"https:\/\/institutoneurociencias.org\/en\/training\/","url":"https:\/\/institutoneurociencias.org\/en\/training\/","name":"Training - Instituto de Neurociencias de Castilla y Le\u00f3n","isPartOf":{"@id":"https:\/\/institutoneurociencias.org\/en\/#website"},"primaryImageOfPage":{"@id":"https:\/\/institutoneurociencias.org\/en\/training\/#primaryimage"},"image":{"@id":"https:\/\/institutoneurociencias.org\/en\/training\/#primaryimage"},"thumbnailUrl":"https:\/\/institutoneurociencias.org\/wp-content\/uploads\/2026\/04\/Copia-de-Seminarios-INCyl-10-890x664.png","datePublished":"2023-02-10T08:23:53+00:00","dateModified":"2026-04-30T06:14:02+00:00","breadcrumb":{"@id":"https:\/\/institutoneurociencias.org\/en\/training\/#breadcrumb"},"inLanguage":"en-US","potentialAction":[{"@type":"ReadAction","target":["https:\/\/institutoneurociencias.org\/en\/training\/"]}]},{"@type":"ImageObject","inLanguage":"en-US","@id":"https:\/\/institutoneurociencias.org\/en\/training\/#primaryimage","url":"https:\/\/institutoneurociencias.org\/wp-content\/uploads\/2026\/04\/Copia-de-Seminarios-INCyl-10-890x664.png","contentUrl":"https:\/\/institutoneurociencias.org\/wp-content\/uploads\/2026\/04\/Copia-de-Seminarios-INCyl-10-890x664.png"},{"@type":"BreadcrumbList","@id":"https:\/\/institutoneurociencias.org\/en\/training\/#breadcrumb","itemListElement":[{"@type":"ListItem","position":1,"name":"Portada","item":"https:\/\/institutoneurociencias.org\/en\/"},{"@type":"ListItem","position":2,"name":"Training"}]},{"@type":"WebSite","@id":"https:\/\/institutoneurociencias.org\/en\/#website","url":"https:\/\/institutoneurociencias.org\/en\/","name":"Instituto de Neurociencias de Castilla y Le\u00f3n","description":"Dedicado a la investigaci\u00f3n cient\u00edfica en el sistema nervioso normal y sus patolog\u00edas","publisher":{"@id":"https:\/\/institutoneurociencias.org\/en\/#organization"},"potentialAction":[{"@type":"SearchAction","target":{"@type":"EntryPoint","urlTemplate":"https:\/\/institutoneurociencias.org\/en\/?s={search_term_string}"},"query-input":{"@type":"PropertyValueSpecification","valueRequired":true,"valueName":"search_term_string"}}],"inLanguage":"en-US"},{"@type":"Organization","@id":"https:\/\/institutoneurociencias.org\/en\/#organization","name":"Instituto de Neurociencias de Castilla y Le\u00f3n","url":"https:\/\/institutoneurociencias.org\/en\/","logo":{"@type":"ImageObject","inLanguage":"en-US","@id":"https:\/\/institutoneurociencias.org\/en\/#\/schema\/logo\/image\/","url":"https:\/\/institutoneurociencias.org\/wp-content\/uploads\/2023\/01\/logo-neurociencias.svg","contentUrl":"https:\/\/institutoneurociencias.org\/wp-content\/uploads\/2023\/01\/logo-neurociencias.svg","width":334,"height":191,"caption":"Instituto de Neurociencias de Castilla y Le\u00f3n"},"image":{"@id":"https:\/\/institutoneurociencias.org\/en\/#\/schema\/logo\/image\/"}}]}},"_links":{"self":[{"href":"https:\/\/institutoneurociencias.org\/en\/wp-json\/wp\/v2\/pages\/23866","targetHints":{"allow":["GET"]}}],"collection":[{"href":"https:\/\/institutoneurociencias.org\/en\/wp-json\/wp\/v2\/pages"}],"about":[{"href":"https:\/\/institutoneurociencias.org\/en\/wp-json\/wp\/v2\/types\/page"}],"author":[{"embeddable":true,"href":"https:\/\/institutoneurociencias.org\/en\/wp-json\/wp\/v2\/users\/22"}],"replies":[{"embeddable":true,"href":"https:\/\/institutoneurociencias.org\/en\/wp-json\/wp\/v2\/comments?post=23866"}],"version-history":[{"count":1,"href":"https:\/\/institutoneurociencias.org\/en\/wp-json\/wp\/v2\/pages\/23866\/revisions"}],"predecessor-version":[{"id":23867,"href":"https:\/\/institutoneurociencias.org\/en\/wp-json\/wp\/v2\/pages\/23866\/revisions\/23867"}],"wp:attachment":[{"href":"https:\/\/institutoneurociencias.org\/en\/wp-json\/wp\/v2\/media?parent=23866"}],"curies":[{"name":"wp","href":"https:\/\/api.w.org\/{rel}","templated":true}]}}